{"id":1916,"date":"2021-01-20T15:38:23","date_gmt":"2021-01-20T14:38:23","guid":{"rendered":"https:\/\/www.hicandidate.com\/?page_id=1916"},"modified":"2025-08-07T17:51:03","modified_gmt":"2025-08-07T15:51:03","slug":"impressum","status":"publish","type":"page","link":"https:\/\/www.hicandidate.com\/de\/impressum\/","title":{"rendered":"Impressum"},"content":{"rendered":"\t\t<div data-elementor-type=\"wp-page\" data-elementor-id=\"1916\" class=\"elementor elementor-1916\">\n\t\t\t\t\t\t\t\t\t<section class=\"elementor-section elementor-top-section elementor-element elementor-element-4ace58f6 pt-8 pt-md-11 pb-8 pb-md-14 elementor-section-boxed elementor-section-height-default elementor-section-height-default\" data-id=\"4ace58f6\" data-element_type=\"section\">\n\t\t\t\t\t\t<div class=\"elementor-container elementor-column-gap-no no-gutters\">\n\t\t\t\t\t<div class=\"elementor-column elementor-col-100 elementor-top-column elementor-element elementor-element-725d9ee0\" data-id=\"725d9ee0\" data-element_type=\"column\">\n\t\t\t<div class=\"elementor-widget-wrap elementor-element-populated\">\n\t\t\t\t\t\t\t\t<section class=\"elementor-section elementor-inner-section elementor-element elementor-element-31612e49 elementor-section-boxed elementor-section-height-default elementor-section-height-default\" data-id=\"31612e49\" data-element_type=\"section\">\n\t\t\t\t\t\t<div class=\"elementor-container elementor-column-gap-default align-items-center\">\n\t\t\t\t\t<div class=\"elementor-column elementor-inner-column elementor-element elementor-element-6fd3f8e3 col-12 col-md\" data-id=\"6fd3f8e3\" data-element_type=\"column\">\n\t\t\t<div class=\"elementor-widget-wrap elementor-element-populated\">\n\t\t\t\t\t\t\t\t<div class=\"elementor-element elementor-element-80af14e elementor-widget elementor-widget-heading\" data-id=\"80af14e\" data-element_type=\"widget\" data-widget_type=\"heading.default\">\n\t\t\t\t<div class=\"elementor-widget-container\">\n\t\t\t<h1 class=\"landkit-elementor-heading__title display-4 elementor-heading-title elementor-size-display-4\">Impressum<\/h1>\t\t<\/div>\n\t\t\t\t<\/div>\n\t\t\t\t<div class=\"elementor-element elementor-element-4f132422 text-gray-700 mb-4 mb-md-0 elementor-widget elementor-widget-text-editor\" data-id=\"4f132422\" data-element_type=\"widget\" data-widget_type=\"text-editor.default\">\n\t\t\t\t<div class=\"elementor-widget-container\">\n\t\t\t\t\t\t\t<p>HiCandidate\u2122 ist ein Produkt der socialtelligence GmbH<\/p>\t\t\t\t\t\t<\/div>\n\t\t\t\t<\/div>\n\t\t\t\t\t<\/div>\n\t\t<\/div>\n\t\t\t\t\t\t\t<\/div>\n\t\t<\/section>\n\t\t\t\t<section class=\"elementor-section elementor-inner-section elementor-element elementor-element-2adbb4a6 elementor-section-boxed elementor-section-height-default elementor-section-height-default\" data-id=\"2adbb4a6\" data-element_type=\"section\">\n\t\t\t\t\t\t<div class=\"elementor-container elementor-column-gap-default\">\n\t\t\t\t\t<div class=\"elementor-column elementor-col-100 elementor-inner-column elementor-element elementor-element-7f2f12e8\" data-id=\"7f2f12e8\" data-element_type=\"column\">\n\t\t\t<div class=\"elementor-widget-wrap elementor-element-populated\">\n\t\t\t\t\t\t\t\t<div class=\"elementor-element elementor-element-6c68478c my-6 my-md-8 elementor-widget-divider--view-line elementor-widget elementor-widget-divider\" data-id=\"6c68478c\" data-element_type=\"widget\" data-widget_type=\"divider.default\">\n\t\t\t\t<div class=\"elementor-widget-container\">\n\t\t\t\t\t<div class=\"elementor-divider\">\n\t\t\t<span class=\"elementor-divider-separator\">\n\t\t\t\t\t\t<\/span>\n\t\t<\/div>\n\t\t\t\t<\/div>\n\t\t\t\t<\/div>\n\t\t\t\t\t<\/div>\n\t\t<\/div>\n\t\t\t\t\t\t\t<\/div>\n\t\t<\/section>\n\t\t\t\t<section class=\"elementor-section elementor-inner-section elementor-element elementor-element-eca883b elementor-section-boxed elementor-section-height-default elementor-section-height-default\" data-id=\"eca883b\" data-element_type=\"section\">\n\t\t\t\t\t\t<div class=\"elementor-container elementor-column-gap-default\">\n\t\t\t\t\t<div class=\"elementor-column elementor-col-50 elementor-inner-column elementor-element elementor-element-3e2a5708 col-12 col-md-8\" data-id=\"3e2a5708\" data-element_type=\"column\">\n\t\t\t<div class=\"elementor-widget-wrap elementor-element-populated\">\n\t\t\t\t\t\t\t\t<div class=\"elementor-element elementor-element-fdd9149 elementor-widget elementor-widget-heading\" data-id=\"fdd9149\" data-element_type=\"widget\" data-widget_type=\"heading.default\">\n\t\t\t\t<div class=\"elementor-widget-container\">\n\t\t\t<h3 class=\"landkit-elementor-heading__title mb-5 default elementor-heading-title elementor-size-default\">Angaben gem\u00e4\u00df \u00a7 5 TMG<\/h3>\t\t<\/div>\n\t\t\t\t<\/div>\n\t\t\t\t<div class=\"elementor-element elementor-element-110948ea text-muted mb-6 elementor-widget elementor-widget-text-editor\" data-id=\"110948ea\" data-element_type=\"widget\" data-widget_type=\"text-editor.default\">\n\t\t\t\t<div class=\"elementor-widget-container\">\n\t\t\t\t\t\t\t<p><span style=\"text-decoration: underline;\">Anbieter<\/span>:<br><span style=\"font-size: 1.0625rem;\">socialtelligence GmbH<br><\/span>H\u00f6lderlinplatz 5<br>70193 Stuttgart<\/p>\n<p>Vertreten durch die Gesch\u00e4ftsf\u00fchrer Andreas Sch\u00f6ning und Willi Schmidt<\/p>\n<p>Eingetragen im Handelsregister beim Amtsgericht Stuttgart B 762656<\/p>\n<p>Umsatzsteuer-ID gem\u00e4\u00df \u00a727 a Umsatzsteuergesetz: DE314257681<\/p>\n<p>Verantwortlich f\u00fcr den Inhalt nach \u00a7 55 Abs. 2 RStV:<br>Andreas Sch\u00f6ning, socialtelligence GmbH, H\u00f6lderlinplatz 5, 70193 Stuttgart<\/p>\t\t\t\t\t\t<\/div>\n\t\t\t\t<\/div>\n\t\t\t\t<div class=\"elementor-element elementor-element-48d4dac elementor-widget elementor-widget-heading\" data-id=\"48d4dac\" data-element_type=\"widget\" data-widget_type=\"heading.default\">\n\t\t\t\t<div class=\"elementor-widget-container\">\n\t\t\t<h3 class=\"landkit-elementor-heading__title mb-5 default elementor-heading-title elementor-size-default\">Urheberrecht<\/h3>\t\t<\/div>\n\t\t\t\t<\/div>\n\t\t\t\t<div class=\"elementor-element elementor-element-4dbcbe5e text-muted mb-4 elementor-widget elementor-widget-text-editor\" data-id=\"4dbcbe5e\" data-element_type=\"widget\" data-widget_type=\"text-editor.default\">\n\t\t\t\t<div class=\"elementor-widget-container\">\n\t\t\t\t\t\t\t<p>Die durch die Seitenbetreiber erstellten Inhalte und Werke auf diesen Seiten unterliegen dem deutschen Urheberrecht. Die Vervielf\u00e4ltigung, Bearbeitung, Verbreitung und jede Art der Verwertung au\u00dferhalb der Grenzen des Urheberrechtes bed\u00fcrfen der schriftlichen Zustimmung des jeweiligen Autors bzw. Erstellers. Downloads und Kopien dieser Seite sind nur f\u00fcr den privaten, nicht kommerziellen Gebrauch gestattet.<\/p><p>Soweit die Inhalte auf dieser Seite nicht vom Betreiber erstellt wurden, werden die Urheberrechte Dritter beachtet. Insbesondere werden Inhalte Dritter als solche gekennzeichnet. Sollten Sie trotzdem auf eine Urheberrechtsverletzung aufmerksam werden, bitten wir um einen entsprechenden Hinweis. Bei Bekanntwerden von Rechtsverletzungen werden wir derartige Inhalte umgehend entfernen.<\/p>\t\t\t\t\t\t<\/div>\n\t\t\t\t<\/div>\n\t\t\t\t\t<\/div>\n\t\t<\/div>\n\t\t\t\t<div class=\"elementor-column elementor-col-50 elementor-inner-column elementor-element elementor-element-240c97ca col-12 col-md-4 d-block\" data-id=\"240c97ca\" data-element_type=\"column\">\n\t\t\t<div class=\"card shadow-light-lg  p-6 no-pad-0 elementor-widget-wrap elementor-element-populated\">\n\t\t\t\t\t\t\t\t<div class=\"elementor-element elementor-element-250f17f elementor-widget elementor-widget-heading\" data-id=\"250f17f\" data-element_type=\"widget\" data-widget_type=\"heading.default\">\n\t\t\t\t<div class=\"elementor-widget-container\">\n\t\t\t<h4 class=\"landkit-elementor-heading__title default elementor-heading-title elementor-size-default\">Kontakt<\/h4>\t\t<\/div>\n\t\t\t\t<\/div>\n\t\t\t\t<div class=\"elementor-element elementor-element-37688ec6 text-muted mb-5 elementor-widget elementor-widget-text-editor\" data-id=\"37688ec6\" data-element_type=\"widget\" data-widget_type=\"text-editor.default\">\n\t\t\t\t<div class=\"elementor-widget-container\">\n\t\t\t\t\t\t\t<p>Wir sind zwischen 10-18 Uhr f\u00fcr Sie da und freuen uns auf Ihren Anruf oder Ihre E-Mail.<\/p>\t\t\t\t\t\t<\/div>\n\t\t\t\t<\/div>\n\t\t\t\t<div class=\"elementor-element elementor-element-e3086ed elementor-widget elementor-widget-heading\" data-id=\"e3086ed\" data-element_type=\"widget\" data-widget_type=\"heading.default\">\n\t\t\t\t<div class=\"elementor-widget-container\">\n\t\t\t<h6 class=\"landkit-elementor-heading__title font-weight-bold text-uppercase text-gray-700 mb-2 default elementor-heading-title elementor-size-default\">Telefon<\/h6>\t\t<\/div>\n\t\t\t\t<\/div>\n\t\t\t\t<div class=\"elementor-element elementor-element-7fdc97c font-size-sm mb-5 elementor-widget elementor-widget-button\" data-id=\"7fdc97c\" data-element_type=\"widget\" data-widget_type=\"button.button-landkit\">\n\t\t\t\t<div class=\"elementor-widget-container\">\n\t\t\t        <div class=\"elementor-button-wrapper\">\n            <a href=\"tel:+497112524290\" class=\"elementor-button-link btn-link p-0 text-reset\">\n                        <span class=\"elementor-button-content-wrapper\">\n                                    <span class=\"elementor-button-text\">0711 252429-0<\/span>\n                    <\/span>\n                    <\/a>\n        <\/div>\n        \t\t<\/div>\n\t\t\t\t<\/div>\n\t\t\t\t<div class=\"elementor-element elementor-element-6985926 elementor-widget elementor-widget-heading\" data-id=\"6985926\" data-element_type=\"widget\" data-widget_type=\"heading.default\">\n\t\t\t\t<div class=\"elementor-widget-container\">\n\t\t\t<h6 class=\"landkit-elementor-heading__title font-weight-bold text-uppercase text-gray-700 mb-2 default elementor-heading-title elementor-size-default\">E-Mail<\/h6>\t\t<\/div>\n\t\t\t\t<\/div>\n\t\t\t\t<div class=\"elementor-element elementor-element-1f451e16 font-size-sm mb-0 elementor-widget elementor-widget-button\" data-id=\"1f451e16\" data-element_type=\"widget\" data-widget_type=\"button.button-landkit\">\n\t\t\t\t<div class=\"elementor-widget-container\">\n\t\t\t        <div class=\"elementor-button-wrapper\">\n            <a href=\"mailto:hello@hicandidate.com\" class=\"elementor-button-link btn-link p-0 text-reset\">\n                        <span class=\"elementor-button-content-wrapper\">\n                                    <span class=\"elementor-button-text\">hello@hicandidate.com<\/span>\n                    <\/span>\n                    <\/a>\n        <\/div>\n        \t\t<\/div>\n\t\t\t\t<\/div>\n\t\t\t\t\t<\/div>\n\t\t<\/div>\n\t\t\t\t\t\t\t<\/div>\n\t\t<\/section>\n\t\t\t\t\t<\/div>\n\t\t<\/div>\n\t\t\t\t\t\t\t<\/div>\n\t\t<\/section>\n\t\t\t\t<section class=\"elementor-section elementor-top-section elementor-element elementor-element-5e6c054b elementor-section-full_width elementor-section-height-default elementor-section-height-default\" data-id=\"5e6c054b\" data-element_type=\"section\">\n\t\t\t\t\t\t<div class=\"elementor-container elementor-column-gap-no no-gutters\">\n\t\t\t\t\t<div class=\"elementor-column elementor-col-100 elementor-top-column elementor-element elementor-element-466a7554 no-min-height\" data-id=\"466a7554\" data-element_type=\"column\">\n\t\t\t<div class=\"elementor-widget-wrap elementor-element-populated\">\n\t\t\t\t\t\t\t\t<div class=\"elementor-element elementor-element-56068b8d elementor-widget elementor-widget-lk-dividers\" data-id=\"56068b8d\" data-element_type=\"widget\" data-widget_type=\"lk-dividers.default\">\n\t\t\t\t<div class=\"elementor-widget-container\">\n\t\t\t        <div class=\"elementor-dividers\">\n                        <div class=\"shape svg-shim text-dark shape-bottom shape-fluid-x\">\n                <svg viewBox=\"0 0 2880 48\" fill=\"none\" xmlns=\"http:\/\/www.w3.org\/2000\/svg\"><path d=\"M0 48h2880V0h-720C1442.5 52 720 0 720 0H0v48z\" fill=\"currentColor\"\/><\/svg>            <\/div>        <\/div>\n        \t\t<\/div>\n\t\t\t\t<\/div>\n\t\t\t\t\t<\/div>\n\t\t<\/div>\n\t\t\t\t\t\t\t<\/div>\n\t\t<\/section>\n\t\t\t\t\t\t\t<\/div>\n\t\t","protected":false},"excerpt":{"rendered":"<p>Impressum HiCandidate\u2122 ist ein Produkt der socialtelligence GmbH Angaben gem\u00e4\u00df \u00a7 5 TMG Anbieter:socialtelligence GmbHH\u00f6lderlinplatz 570193 Stuttgart Vertreten durch die Gesch\u00e4ftsf\u00fchrer Andreas Sch\u00f6ning und Willi Schmidt Eingetragen im Handelsregister beim Amtsgericht Stuttgart B 762656 Umsatzsteuer-ID gem\u00e4\u00df \u00a727 a Umsatzsteuergesetz: DE314257681 Verantwortlich f\u00fcr den Inhalt nach \u00a7 55 Abs. 2 RStV:Andreas Sch\u00f6ning, socialtelligence GmbH, H\u00f6lderlinplatz 5, [&hellip;]<\/p>\n","protected":false},"author":1,"featured_media":0,"parent":0,"menu_order":0,"comment_status":"closed","ping_status":"closed","template":"elementor_header_footer","meta":{"footnotes":""},"class_list":["post-1916","page","type-page","status-publish","hentry"],"_links":{"self":[{"href":"https:\/\/www.hicandidate.com\/de\/wp-json\/wp\/v2\/pages\/1916","targetHints":{"allow":["GET"]}}],"collection":[{"href":"https:\/\/www.hicandidate.com\/de\/wp-json\/wp\/v2\/pages"}],"about":[{"href":"https:\/\/www.hicandidate.com\/de\/wp-json\/wp\/v2\/types\/page"}],"author":[{"embeddable":true,"href":"https:\/\/www.hicandidate.com\/de\/wp-json\/wp\/v2\/users\/1"}],"replies":[{"embeddable":true,"href":"https:\/\/www.hicandidate.com\/de\/wp-json\/wp\/v2\/comments?post=1916"}],"version-history":[{"count":30,"href":"https:\/\/www.hicandidate.com\/de\/wp-json\/wp\/v2\/pages\/1916\/revisions"}],"predecessor-version":[{"id":6239,"href":"https:\/\/www.hicandidate.com\/de\/wp-json\/wp\/v2\/pages\/1916\/revisions\/6239"}],"wp:attachment":[{"href":"https:\/\/www.hicandidate.com\/de\/wp-json\/wp\/v2\/media?parent=1916"}],"curies":[{"name":"wp","href":"https:\/\/api.w.org\/{rel}","templated":true}]}}