{"id":6789,"date":"2025-10-17T18:01:05","date_gmt":"2025-10-17T16:01:05","guid":{"rendered":"https:\/\/www.hicandidate.com\/?page_id=6789"},"modified":"2025-10-18T13:28:18","modified_gmt":"2025-10-18T11:28:18","slug":"kampagnen-formate","status":"publish","type":"page","link":"https:\/\/www.hicandidate.com\/de\/performance-recruiting\/kampagnen-formate\/","title":{"rendered":"Kampagnen-Formate"},"content":{"rendered":"\t\t<div data-elementor-type=\"wp-page\" data-elementor-id=\"6789\" class=\"elementor elementor-6789\">\n\t\t\t\t\t\t\t\t\t<section class=\"lk-shape lk-shape-blur-2 elementor-section elementor-top-section elementor-element elementor-element-260999f7 mb-10 pt-12 pt-md-14 mt-n11 lk-shape lk-shape-fluid-x lk-shape-blur-2 elementor-section-boxed elementor-section-height-default elementor-section-height-default\" data-id=\"260999f7\" data-element_type=\"section\" data-settings=\"{&quot;shape_divider_top&quot;:&quot;landkit-blur-2&quot;}\">\n\t\t\t\t\t\t<div class=\"elementor-container elementor-column-gap-default align-items-center text-center text-md-left\">\n\t\t\t\t\t<div class=\"elementor-column elementor-col-50 elementor-top-column elementor-element elementor-element-489f8402 col-12 col-md-6\" data-id=\"489f8402\" data-element_type=\"column\" data-settings=\"{&quot;_aos_animation&quot;:&quot;fade-right&quot;}\" data-aos=\"fade-right\" data-aos-delay=\"\">\n\t\t\t<div class=\"elementor-widget-wrap elementor-element-populated\">\n\t\t\t\t\t\t\t\t<div class=\"elementor-element elementor-element-eda5f00 elementor-widget elementor-widget-image\" data-id=\"eda5f00\" data-element_type=\"widget\" data-widget_type=\"image.default\">\n\t\t\t\t<div class=\"elementor-widget-container\">\n\t\t\t\t\t\t\t\t\t\t\t\t\t\t\t<img fetchpriority=\"high\" decoding=\"async\" width=\"1361\" height=\"901\" src=\"https:\/\/www.hicandidate.com\/wp-content\/uploads\/illustration-2-1.png\" class=\"img-fluid mw-130 float-right mb-6 mb-md-0 attachment-full size-full wp-image-6438\" alt=\"\" srcset=\"https:\/\/www.hicandidate.com\/wp-content\/uploads\/illustration-2-1.png 1361w, https:\/\/www.hicandidate.com\/wp-content\/uploads\/illustration-2-1-300x199.png 300w, https:\/\/www.hicandidate.com\/wp-content\/uploads\/illustration-2-1-1024x678.png 1024w, https:\/\/www.hicandidate.com\/wp-content\/uploads\/illustration-2-1-768x508.png 768w\" sizes=\"(max-width: 1361px) 100vw, 1361px\" \/>\t\t\t\t\t\t\t\t\t\t\t\t\t\t\t<\/div>\n\t\t\t\t<\/div>\n\t\t\t\t\t<\/div>\n\t\t<\/div>\n\t\t\t\t<div class=\"elementor-column elementor-col-50 elementor-top-column elementor-element elementor-element-2002b6bc col-12 col-md-6\" data-id=\"2002b6bc\" data-element_type=\"column\">\n\t\t\t<div class=\"elementor-widget-wrap elementor-element-populated\">\n\t\t\t\t\t\t\t\t<div class=\"elementor-element elementor-element-6c999aa elementor-widget elementor-widget-heading\" data-id=\"6c999aa\" data-element_type=\"widget\" data-widget_type=\"heading.default\">\n\t\t\t\t<div class=\"elementor-widget-container\">\n\t\t\t<h1 class=\"landkit-elementor-heading__title display-4 elementor-heading-title elementor-size-display-4\">\nRecruiting-Kampagnen mit System:\n<span class=\"landkit-elementor-highlighted-heading__highlighted-text text-primary\">Single Boost, Always-on & Brand Campaign<\/span><\/h1>\t\t<\/div>\n\t\t\t\t<\/div>\n\t\t\t\t<div class=\"elementor-element elementor-element-4dd723f0 text-muted mb-0 elementor-widget elementor-widget-text-editor\" data-id=\"4dd723f0\" data-element_type=\"widget\" data-settings=\"{&quot;_aos_animation&quot;:&quot;fade-left&quot;,&quot;_aos_animation_delay&quot;:100}\" data-aos=\"fade-left\" data-aos-delay=\"100\" data-widget_type=\"text-editor.default\">\n\t\t\t\t<div class=\"elementor-widget-container\">\n\t\t\t\t\t\t\t<p>HiCandidate\u2122 steuert deine Social- und Programmatic-Kampagnen datenbasiert \u00fcber alle relevanten Plattformen \u2013 automatisch, effizient und auf Bewerbungsqualit\u00e4t optimiert.<\/p>\t\t\t\t\t\t<\/div>\n\t\t\t\t<\/div>\n\t\t\t\t\t<\/div>\n\t\t<\/div>\n\t\t\t\t\t\t\t<\/div>\n\t\t<\/section>\n\t\t\t\t<section class=\"elementor-section elementor-top-section elementor-element elementor-element-1c93a1a8 py-8 py-md-11 bg-gray-200 elementor-section-boxed elementor-section-height-default elementor-section-height-default\" data-id=\"1c93a1a8\" data-element_type=\"section\">\n\t\t\t\t\t\t<div class=\"elementor-container elementor-column-gap-no no-gutters\">\n\t\t\t\t\t<div class=\"elementor-column elementor-col-100 elementor-top-column elementor-element elementor-element-573c3108\" data-id=\"573c3108\" data-element_type=\"column\">\n\t\t\t<div class=\"elementor-widget-wrap elementor-element-populated\">\n\t\t\t\t\t\t\t\t<section class=\"elementor-section elementor-inner-section elementor-element elementor-element-4ecdb711 elementor-section-boxed elementor-section-height-default elementor-section-height-default\" data-id=\"4ecdb711\" data-element_type=\"section\">\n\t\t\t\t\t\t<div class=\"elementor-container elementor-column-gap-default\">\n\t\t\t\t\t<div class=\"elementor-column elementor-col-100 elementor-inner-column elementor-element elementor-element-1ff6e24 col-12 col-lg-12 d-lg-flex pb-1 mb-4\" data-id=\"1ff6e24\" data-element_type=\"column\">\n\t\t\t<div class=\"elementor-widget-wrap elementor-element-populated\">\n\t\t\t\t\t\t\t\t<div class=\"elementor-element elementor-element-baf26aa card elementor-widget elementor-widget-text-editor\" data-id=\"baf26aa\" data-element_type=\"widget\" data-widget_type=\"text-editor.default\">\n\t\t\t\t<div class=\"elementor-widget-container\">\n\t\t\t\t\t\t\t<h2>Single-Boost-Kampagnen: Schnelle Reichweite, schnelle Bewerbungen<\/h2><p>Wenn Positionen kurzfristig besetzt werden m\u00fcssen, ist Single Boost die richtige Wahl.<br \/>HiCandidate\u2122 verteilt das verf\u00fcgbare Budget \u00fcber die passenden Kan\u00e4le \u2013 etwa Meta, LinkedIn oder Programmatic \u2013 und sorgt f\u00fcr maximale Sichtbarkeit in kurzer Zeit.<\/p><p><strong>Was HiCandidate\u2122 erm\u00f6glicht:<\/strong><\/p><ul><li>Dynamische Budgetverteilung \u00fcber Social &amp; Programmatic Plattformen<\/li><li>Automatische Aktivierung mit kurzer Setup-Zeit<\/li><li>Hohe Reichweite durch optimierte Frequency- und Audience-Steuerung<\/li><li>Automatische Beendigung bei Zielerreichung oder Laufzeitende<\/li><\/ul><p><strong>Der Mehrwert f\u00fcr dein Recruiting:<\/strong><\/p><p>Du erreichst in k\u00fcrzester Zeit viele passende Bewerbende \u2013 ideal f\u00fcr zeitkritische Positionen, saisonale Kampagnen oder kurzfristige Personalbedarfe.<\/p>\t\t\t\t\t\t<\/div>\n\t\t\t\t<\/div>\n\t\t\t\t<div class=\"elementor-element elementor-element-2c5886a card elementor-widget elementor-widget-text-editor\" data-id=\"2c5886a\" data-element_type=\"widget\" data-widget_type=\"text-editor.default\">\n\t\t\t\t<div class=\"elementor-widget-container\">\n\t\t\t\t\t\t\t<h2>Always-on-Kampagnen: Dauerhafte Sichtbarkeit f\u00fcr kontinuierliche Bewerbungen<\/h2><p>Always-on ist die nachhaltigste Form des Performance Recruitings.<br \/>Statt wiederkehrende Einzelkampagnen zu starten, l\u00e4uft deine Recruiting-Kampagne dauerhaft \u2013 mit automatischer Optimierung von Budgets, Plattformen und Creatives.<\/p><p><strong>Was HiCandidate\u2122 erm\u00f6glicht<\/strong><\/p><ul><li>Dauerhafte Schaltung mit KI-basierter Budgetoptimierung (AutoAllocation &amp; Optimizer)<\/li><li>Kontinuierliches Performance-Monitoring<\/li><li>Automatisches Shifting von Budgets auf bestperformende Kan\u00e4le<\/li><li>Anpassung der Creatives an aktuelle Bewerbungsdaten<\/li><\/ul><p><strong>Recruiting-Impact<\/strong><\/p><p>Einmal aufgesetzt, arbeitet deine Kampagne dauerhaft f\u00fcr dich \u2013 mit stabilen Bewerbungszahlen, sinkenden CPA-Kosten und minimalem administrativen Aufwand.<\/p>\t\t\t\t\t\t<\/div>\n\t\t\t\t<\/div>\n\t\t\t\t<div class=\"elementor-element elementor-element-4074b8b card elementor-widget elementor-widget-text-editor\" data-id=\"4074b8b\" data-element_type=\"widget\" data-widget_type=\"text-editor.default\">\n\t\t\t\t<div class=\"elementor-widget-container\">\n\t\t\t\t\t\t\t<h2>Brand Campaigns: Mehr Sichtbarkeit f\u00fcr deine Arbeitgebermarke<\/h2><p>Mit Brand Campaigns bewirbst du nicht einzelne Jobs, sondern gezielt Landingpages, die deine Arbeitgebermarke erlebbar machen. Das k\u00f6nnen Kategorie-Pages (z. B. \u201eJobs f\u00fcr Pflegekr\u00e4fte\u201c), Benefit-Pages mit Vorteilen und Insights oder Initiativseiten mit Kurzbewerbungsm\u00f6glichkeit sein. So tritt deine Employer Brand erg\u00e4nzend zu konkreten Stellenanzeigen in Erscheinung \u2013 f\u00fcr mehr Reichweite, Wiedererkennung und Vertrauen.<\/p><p><strong>Funktionale Highlights<\/strong><\/p><ul><li>Fokus auf Landingpages statt Einzelstellen<\/li><li>Zielausrichtung auf Reichweite, Engagement und Video Views<\/li><li>Kombination aus Static-, Video- und Story-Ads auf Social- und Programmatic-Kan\u00e4len<\/li><li>Einbindung von Employer-Branding-Content, Benefits oder Mitarbeiter-Testimonials<\/li><li>Messbare Awareness-KPIs wie CTR, Engagement Rate und Brand Lift<\/li><\/ul><p><strong>Wirkung im Recruiting-Alltag<\/strong><\/p><p>Brand Campaigns schaffen die Basis f\u00fcr ein nachhaltiges Recruiting-\u00d6kosystem. Eine starke Arbeitgebermarke sorgt daf\u00fcr, dass Kandidat:innen dich schon kennen, bevor sie sich aktiv bewerben \u2013 und reduziert langfristig deine Recruiting-Kosten pro Bewerbun<\/p>\t\t\t\t\t\t<\/div>\n\t\t\t\t<\/div>\n\t\t\t\t\t<\/div>\n\t\t<\/div>\n\t\t\t\t\t\t\t<\/div>\n\t\t<\/section>\n\t\t\t\t\t<\/div>\n\t\t<\/div>\n\t\t\t\t\t\t\t<\/div>\n\t\t<\/section>\n\t\t\t\t<section class=\"elementor-section elementor-top-section elementor-element elementor-element-630b3ff9 pt-8 pt-md-11 elementor-section-boxed elementor-section-height-default elementor-section-height-default\" data-id=\"630b3ff9\" data-element_type=\"section\">\n\t\t\t\t\t\t<div class=\"elementor-container elementor-column-gap-no no-gutters justify-content-center\">\n\t\t\t\t\t<div class=\"elementor-column elementor-col-100 elementor-top-column elementor-element elementor-element-2c6ccc32\" data-id=\"2c6ccc32\" data-element_type=\"column\">\n\t\t\t<div class=\"elementor-widget-wrap elementor-element-populated\">\n\t\t\t\t\t\t\t\t<section class=\"elementor-section elementor-inner-section elementor-element elementor-element-e5c7ac4 elementor-section-boxed elementor-section-height-default elementor-section-height-default\" data-id=\"e5c7ac4\" data-element_type=\"section\">\n\t\t\t\t\t\t<div class=\"elementor-container elementor-column-gap-default\">\n\t\t\t\t\t<div class=\"elementor-column elementor-col-100 elementor-inner-column elementor-element elementor-element-45b37a98\" data-id=\"45b37a98\" data-element_type=\"column\">\n\t\t\t<div class=\"elementor-widget-wrap elementor-element-populated\">\n\t\t\t\t\t\t\t\t<div class=\"elementor-element elementor-element-35fe255f elementor-widget elementor-widget-testimonial\" data-id=\"35fe255f\" data-element_type=\"widget\" data-widget_type=\"testimonial.testimonial-card\">\n\t\t\t\t<div class=\"elementor-widget-container\">\n\t\t\t<div class=\"card card-row shadow-light-lg\">\n            <div class=\"row no-gutters\">\n                \n                <a class=\"col-12 col-md-6 bg-cover card-img-left\" style=\"background-image: url(https:\/\/hicandidate.com\/wp-content\/uploads\/photo-1-1.jpg);\" href=\"#\">\n\n            <!-- Image (placeholder) -->\n            <img decoding=\"async\" width=\"775\" height=\"666\" src=\"https:\/\/www.hicandidate.com\/wp-content\/uploads\/photo-1-1.jpg\" class=\"img-fluid d-md-none invisible attachment-full size-full wp-image-6421\" alt=\"\" srcset=\"https:\/\/www.hicandidate.com\/wp-content\/uploads\/photo-1-1.jpg 775w, https:\/\/www.hicandidate.com\/wp-content\/uploads\/photo-1-1-300x258.jpg 300w, https:\/\/www.hicandidate.com\/wp-content\/uploads\/photo-1-1-768x660.jpg 768w\" sizes=\"(max-width: 775px) 100vw, 775px\" \/>\n            <!-- Shape -->\n            <div class=\"shape shape-right shape-fluid-y svg-shim text-white d-none d-md-block\">\n                <svg viewBox=\"0 0 112 690\" fill=\"none\" xmlns=\"http:\/\/www.w3.org\/2000\/svg\"><path d=\"M116 0H51v172C76 384 0 517 0 517v173h116V0z\" fill=\"currentColor\"\/><\/svg>            <\/div>\n\n        <\/a>\n                <div class=\"col-12 col-md-6 order-md-1\">\n\n                    <!-- Body -->\n                    <div class=\"card-body\">\n                        <blockquote class=\"blockquote mb-0 text-center\">\n\n                            \n                            <!-- Text -->\n        <p class=\"testimonial__content mb-5 mb-md-7\">\u201eStarke Arbeitgebermarken gewinnen Talente nicht nur \u00fcber offene Jobs \u2013 sondern \u00fcber Vertrauen, Wiedererkennung und emotionale N\u00e4he.\nEine Brand Campaign sorgt daf\u00fcr, dass Kandidat:innen dich schon kennen, bevor sie sich bewerben \u2013 und genau deshalb den entscheidenden Klick machen.\u201c<\/p>\n                            \n                        <\/blockquote>\n                    <\/div>\n                <\/div>\n            <\/div>\n        <\/div>\t\t<\/div>\n\t\t\t\t<\/div>\n\t\t\t\t\t<\/div>\n\t\t<\/div>\n\t\t\t\t\t\t\t<\/div>\n\t\t<\/section>\n\t\t\t\t\t<\/div>\n\t\t<\/div>\n\t\t\t\t\t\t\t<\/div>\n\t\t<\/section>\n\t\t\t\t<section class=\"elementor-section elementor-top-section elementor-element elementor-element-53b656f8 elementor-section-full_width elementor-section-height-default elementor-section-height-default\" data-id=\"53b656f8\" data-element_type=\"section\">\n\t\t\t\t\t\t<div class=\"elementor-container elementor-column-gap-no no-gutters\">\n\t\t\t\t\t<div class=\"elementor-column elementor-col-100 elementor-top-column elementor-element elementor-element-1240e0d0 no-min-height\" data-id=\"1240e0d0\" data-element_type=\"column\">\n\t\t\t<div class=\"elementor-widget-wrap elementor-element-populated\">\n\t\t\t\t\t\t\t\t<div class=\"elementor-element elementor-element-5bbef59b elementor-widget elementor-widget-lk-dividers\" data-id=\"5bbef59b\" data-element_type=\"widget\" data-widget_type=\"lk-dividers.default\">\n\t\t\t\t<div class=\"elementor-widget-container\">\n\t\t\t        <div class=\"elementor-dividers\">\n                        <div class=\"shape svg-shim text-gray-200 shape-bottom shape-fluid-x\">\n                <svg viewBox=\"0 0 2880 48\" fill=\"none\" xmlns=\"http:\/\/www.w3.org\/2000\/svg\"><path d=\"M0 48h2880V0h-720C1442.5 52 720 0 720 0H0v48z\" fill=\"currentColor\"\/><\/svg>            <\/div>        <\/div>\n        \t\t<\/div>\n\t\t\t\t<\/div>\n\t\t\t\t\t<\/div>\n\t\t<\/div>\n\t\t\t\t\t\t\t<\/div>\n\t\t<\/section>\n\t\t\t\t\t\t\t<\/div>\n\t\t","protected":false},"excerpt":{"rendered":"<p>Recruiting-Kampagnen mit System: Single Boost, Always-on &amp; Brand Campaign HiCandidate\u2122 steuert deine Social- und Programmatic-Kampagnen datenbasiert \u00fcber alle relevanten Plattformen \u2013 automatisch, effizient und auf Bewerbungsqualit\u00e4t optimiert. Single-Boost-Kampagnen: Schnelle Reichweite, schnelle Bewerbungen Wenn Positionen kurzfristig besetzt werden m\u00fcssen, ist Single Boost die richtige Wahl. HiCandidate\u2122 verteilt das verf\u00fcgbare Budget \u00fcber die passenden Kan\u00e4le \u2013 etwa [&hellip;]<\/p>\n","protected":false},"author":1,"featured_media":0,"parent":6401,"menu_order":0,"comment_status":"closed","ping_status":"closed","template":"elementor_header_footer","meta":{"footnotes":""},"class_list":["post-6789","page","type-page","status-publish","hentry"],"_links":{"self":[{"href":"https:\/\/www.hicandidate.com\/de\/wp-json\/wp\/v2\/pages\/6789","targetHints":{"allow":["GET"]}}],"collection":[{"href":"https:\/\/www.hicandidate.com\/de\/wp-json\/wp\/v2\/pages"}],"about":[{"href":"https:\/\/www.hicandidate.com\/de\/wp-json\/wp\/v2\/types\/page"}],"author":[{"embeddable":true,"href":"https:\/\/www.hicandidate.com\/de\/wp-json\/wp\/v2\/users\/1"}],"replies":[{"embeddable":true,"href":"https:\/\/www.hicandidate.com\/de\/wp-json\/wp\/v2\/comments?post=6789"}],"version-history":[{"count":5,"href":"https:\/\/www.hicandidate.com\/de\/wp-json\/wp\/v2\/pages\/6789\/revisions"}],"predecessor-version":[{"id":7074,"href":"https:\/\/www.hicandidate.com\/de\/wp-json\/wp\/v2\/pages\/6789\/revisions\/7074"}],"up":[{"embeddable":true,"href":"https:\/\/www.hicandidate.com\/de\/wp-json\/wp\/v2\/pages\/6401"}],"wp:attachment":[{"href":"https:\/\/www.hicandidate.com\/de\/wp-json\/wp\/v2\/media?parent=6789"}],"curies":[{"name":"wp","href":"https:\/\/api.w.org\/{rel}","templated":true}]}}