{"id":6828,"date":"2025-10-17T18:46:00","date_gmt":"2025-10-17T16:46:00","guid":{"rendered":"https:\/\/www.hicandidate.com\/?page_id=6828"},"modified":"2025-10-18T13:25:57","modified_gmt":"2025-10-18T11:25:57","slug":"landing-pages-vorqualifizierung","status":"publish","type":"page","link":"https:\/\/www.hicandidate.com\/de\/performance-recruiting\/landing-pages-vorqualifizierung\/","title":{"rendered":"Landing Pages &#038; Vorqualifizierung"},"content":{"rendered":"\t\t<div data-elementor-type=\"wp-page\" data-elementor-id=\"6828\" class=\"elementor elementor-6828\">\n\t\t\t\t\t\t\t\t\t<section class=\"lk-shape lk-shape-blur-2 elementor-section elementor-top-section elementor-element elementor-element-260999f7 pt-12 pt-md-14 mt-n11 lk-shape lk-shape-fluid-x lk-shape-blur-2 elementor-section-boxed elementor-section-height-default elementor-section-height-default\" data-id=\"260999f7\" data-element_type=\"section\" data-settings=\"{&quot;shape_divider_top&quot;:&quot;landkit-blur-2&quot;}\">\n\t\t\t\t\t\t<div class=\"elementor-container elementor-column-gap-default align-items-center text-center text-md-left\">\n\t\t\t\t\t<div class=\"elementor-column elementor-col-50 elementor-top-column elementor-element elementor-element-489f8402 col-12 col-md-6\" data-id=\"489f8402\" data-element_type=\"column\" data-settings=\"{&quot;_aos_animation&quot;:&quot;fade-right&quot;}\" data-aos=\"fade-right\" data-aos-delay=\"\">\n\t\t\t<div class=\"elementor-widget-wrap elementor-element-populated\">\n\t\t\t\t\t\t\t\t<div class=\"elementor-element elementor-element-eda5f00 elementor-widget elementor-widget-image\" data-id=\"eda5f00\" data-element_type=\"widget\" data-widget_type=\"image.default\">\n\t\t\t\t<div class=\"elementor-widget-container\">\n\t\t\t\t\t\t\t\t\t\t\t\t\t\t\t<img fetchpriority=\"high\" decoding=\"async\" width=\"1280\" height=\"1078\" src=\"https:\/\/www.hicandidate.com\/wp-content\/uploads\/illustration-4.png\" class=\"img-fluid mw-130 float-right mb-6 mb-md-0 attachment-full size-full wp-image-3646\" alt=\"\" srcset=\"https:\/\/www.hicandidate.com\/wp-content\/uploads\/illustration-4.png 1280w, https:\/\/www.hicandidate.com\/wp-content\/uploads\/illustration-4-300x253.png 300w, https:\/\/www.hicandidate.com\/wp-content\/uploads\/illustration-4-1024x863.png 1024w, https:\/\/www.hicandidate.com\/wp-content\/uploads\/illustration-4-768x647.png 768w\" sizes=\"(max-width: 1280px) 100vw, 1280px\" \/>\t\t\t\t\t\t\t\t\t\t\t\t\t\t\t<\/div>\n\t\t\t\t<\/div>\n\t\t\t\t\t<\/div>\n\t\t<\/div>\n\t\t\t\t<div class=\"elementor-column elementor-col-50 elementor-top-column elementor-element elementor-element-2002b6bc col-12 col-md-6\" data-id=\"2002b6bc\" data-element_type=\"column\">\n\t\t\t<div class=\"elementor-widget-wrap elementor-element-populated\">\n\t\t\t\t\t\t\t\t<div class=\"elementor-element elementor-element-6c999aa elementor-widget elementor-widget-heading\" data-id=\"6c999aa\" data-element_type=\"widget\" data-widget_type=\"heading.default\">\n\t\t\t\t<div class=\"elementor-widget-container\">\n\t\t\t<h1 class=\"landkit-elementor-heading__title display-4 elementor-heading-title elementor-size-display-4\"><span class=\"landkit-elementor-highlighted-heading__highlighted-text text-primary\">Automatisierte Vorqualifizierung:<\/span>\nVom Klick zur qualifizierten Bewerbung in Sekunden.<\/h1>\t\t<\/div>\n\t\t\t\t<\/div>\n\t\t\t\t<div class=\"elementor-element elementor-element-4dd723f0 text-muted mb-0 elementor-widget elementor-widget-text-editor\" data-id=\"4dd723f0\" data-element_type=\"widget\" data-settings=\"{&quot;_aos_animation&quot;:&quot;fade-left&quot;,&quot;_aos_animation_delay&quot;:100}\" data-aos=\"fade-left\" data-aos-delay=\"100\" data-widget_type=\"text-editor.default\">\n\t\t\t\t<div class=\"elementor-widget-container\">\n\t\t\t\t\t\t\t<p>Mit Auto Landing Pages und intelligenten Screening Questions verwandelt HiCandidate\u2122 Social Media Klicks in qualifizierte Bewerbungen \u2013 automatisch, markenkonform und nahtlos in deinen Funnel integriert.<\/p>\t\t\t\t\t\t<\/div>\n\t\t\t\t<\/div>\n\t\t\t\t\t<\/div>\n\t\t<\/div>\n\t\t\t\t\t\t\t<\/div>\n\t\t<\/section>\n\t\t\t\t<section class=\"elementor-section elementor-top-section elementor-element elementor-element-d9c6d0f mt-8 mt-md-8 mb-8 mb-md-8 elementor-section-boxed elementor-section-height-default elementor-section-height-default\" data-id=\"d9c6d0f\" data-element_type=\"section\">\n\t\t\t\t\t\t<div class=\"elementor-container elementor-column-gap-default\">\n\t\t\t\t\t<div class=\"elementor-column elementor-col-50 elementor-top-column elementor-element elementor-element-97803af\" data-id=\"97803af\" data-element_type=\"column\">\n\t\t\t<div class=\"elementor-widget-wrap elementor-element-populated\">\n\t\t\t\t\t\t\t\t<div class=\"elementor-element elementor-element-9ebb8c8 card elementor-widget elementor-widget-text-editor\" data-id=\"9ebb8c8\" data-element_type=\"widget\" data-widget_type=\"text-editor.default\">\n\t\t\t\t<div class=\"elementor-widget-container\">\n\t\t\t\t\t\t\t<p>Viele Recruiting-Funnel verlieren potenzielle Bewerbungen, weil der Prozess zu lang oder zu kompliziert ist.&nbsp;<\/p><p>HiCandidate\u2122 l\u00f6st dieses Problem mit automatisierten Landing Pages und vordefinierten Screening Questions, die direkt auf die Anforderungen der jeweiligen Stelle zugeschnitten sind.<\/p>\t\t\t\t\t\t<\/div>\n\t\t\t\t<\/div>\n\t\t\t\t\t<\/div>\n\t\t<\/div>\n\t\t\t\t<div class=\"elementor-column elementor-col-50 elementor-top-column elementor-element elementor-element-18480f3\" data-id=\"18480f3\" data-element_type=\"column\">\n\t\t\t<div class=\"elementor-widget-wrap elementor-element-populated\">\n\t\t\t\t\t\t\t\t<div class=\"elementor-element elementor-element-376ef1a card elementor-widget elementor-widget-text-editor\" data-id=\"376ef1a\" data-element_type=\"widget\" data-widget_type=\"text-editor.default\">\n\t\t\t\t<div class=\"elementor-widget-container\">\n\t\t\t\t\t\t\t<p>Standardm\u00e4\u00dfig f\u00fchren unsere Kampagnen auf die bestehende Jobanzeige auf deiner Website. Optional k\u00f6nnen jedoch eigene Landing Pages mit individuellen Formularen oder komplette Vorqualifizierungs-Funnels aktiviert werden \u2013 inklusive Screening Questions, die aus deinem ATS \u00fcbernommen oder KI-gest\u00fctzt neu erstellt werden. So bleibt dein Funnel flexibel, automatisiert und perfekt auf deinen Recruiting-Prozess abgestimmt.<\/p>\t\t\t\t\t\t<\/div>\n\t\t\t\t<\/div>\n\t\t\t\t\t<\/div>\n\t\t<\/div>\n\t\t\t\t\t\t\t<\/div>\n\t\t<\/section>\n\t\t\t\t<section class=\"elementor-section elementor-top-section elementor-element elementor-element-1c93a1a8 py-8 py-md-11 bg-gray-200 elementor-section-boxed elementor-section-height-default elementor-section-height-default\" data-id=\"1c93a1a8\" data-element_type=\"section\">\n\t\t\t\t\t\t<div class=\"elementor-container elementor-column-gap-no no-gutters\">\n\t\t\t\t\t<div class=\"elementor-column elementor-col-100 elementor-top-column elementor-element elementor-element-573c3108\" data-id=\"573c3108\" data-element_type=\"column\">\n\t\t\t<div class=\"elementor-widget-wrap elementor-element-populated\">\n\t\t\t\t\t\t\t\t<section class=\"elementor-section elementor-inner-section elementor-element elementor-element-4ecdb711 elementor-section-boxed elementor-section-height-default elementor-section-height-default\" data-id=\"4ecdb711\" data-element_type=\"section\">\n\t\t\t\t\t\t<div class=\"elementor-container elementor-column-gap-default\">\n\t\t\t\t\t<div class=\"elementor-column elementor-col-100 elementor-inner-column elementor-element elementor-element-1ff6e24 col-12 col-lg-12 d-lg-flex pb-1 mb-4\" data-id=\"1ff6e24\" data-element_type=\"column\">\n\t\t\t<div class=\"elementor-widget-wrap elementor-element-populated\">\n\t\t\t\t\t\t\t\t<div class=\"elementor-element elementor-element-d6dc0d9 card elementor-widget elementor-widget-text-editor\" data-id=\"d6dc0d9\" data-element_type=\"widget\" data-widget_type=\"text-editor.default\">\n\t\t\t\t<div class=\"elementor-widget-container\">\n\t\t\t\t\t\t\t<h2>Auto Landing Pages: Sofort startklar und markenkonform<\/h2><p>HiCandidate\u2122 generiert bei Bedarf automatisch optimierte Landing Pages \u2013 mit Jobtitel, Aufgaben, Benefits und integriertem Bewerbungsformular.<br \/>Das Design ist markenkonform, mobil optimiert und ohne Setup-Aufwand einsatzbereit.<\/p><p><strong>Was HiCandidate\u2122 erm\u00f6glicht:<\/strong><\/p><ul><li>Automatische Erstellung auf Basis deiner Jobdaten<\/li><li>Schnelle Ladezeiten und hohe Conversion-Rate<\/li><li>Optional eigene Formulare und Bewerbungsfragen<\/li><li>Nutzung deiner Website oder einer HiCandidate\u2122 Landing Page<\/li><li>Volle Datenkonsistenz<\/li><\/ul><p><strong>Der Mehrwert f\u00fcr dein Recruiting:<\/strong><\/p><p>Du entscheidest, ob Bewerbungen \u00fcber deine Karriereseite eingehen oder \u00fcber eine automatisierte HiCandidate\u2122 Landing Page \u2013 beides f\u00fchrt effizient zur qualifizierten Bewerbung.<\/p>\t\t\t\t\t\t<\/div>\n\t\t\t\t<\/div>\n\t\t\t\t<div class=\"elementor-element elementor-element-470e4ec card elementor-widget elementor-widget-text-editor\" data-id=\"470e4ec\" data-element_type=\"widget\" data-widget_type=\"text-editor.default\">\n\t\t\t\t<div class=\"elementor-widget-container\">\n\t\t\t\t\t\t\t<h2>Screening Questions: Qualit\u00e4t statt Klicks<\/h2><p>HiCandidate\u2122 erm\u00f6glicht die Vorqualifizierung direkt im Bewerbungsprozess.<br \/>Die Screening Questions werden \u2013 falls vorhanden \u2013 automatisch aus deinem ATS \u00fcbernommen oder KI-gest\u00fctzt neu erstellt.<\/p><p><strong>Was HiCandidate\u2122 erm\u00f6glicht:<\/strong><\/p><ul><li>Automatische \u00dcbernahme bestehender Screening-Fragen<\/li><li>KI-generierte Fragen bei neuen Positionen<\/li><li>Automatische Bewertung und Kategorisierung der Antworten<\/li><li>Direkte Weiterleitung qualifizierter Bewerbungen ans ATS<\/li><li>Wahlweise einfacher Frageblock oder vollst\u00e4ndiger Funnel<\/li><\/ul><p><strong>Der Mehrwert f\u00fcr dein Recruiting:<\/strong><\/p><p>Du erh\u00e4ltst qualifizierte Bewerbungen, die besser zu den Anforderungen der Position passen \u2013 und reduzierst den Screening-Aufwand im Recruiting-Team deutlich.<\/p>\t\t\t\t\t\t<\/div>\n\t\t\t\t<\/div>\n\t\t\t\t\t<\/div>\n\t\t<\/div>\n\t\t\t\t\t\t\t<\/div>\n\t\t<\/section>\n\t\t\t\t\t<\/div>\n\t\t<\/div>\n\t\t\t\t\t\t\t<\/div>\n\t\t<\/section>\n\t\t\t\t<section class=\"elementor-section elementor-top-section elementor-element elementor-element-4a163fdd pt-10 pb-10 elementor-section-boxed elementor-section-height-default elementor-section-height-default\" data-id=\"4a163fdd\" data-element_type=\"section\">\n\t\t\t\t\t\t<div class=\"elementor-container elementor-column-gap-default align-items-center\">\n\t\t\t\t\t<div class=\"elementor-column elementor-col-50 elementor-top-column elementor-element elementor-element-6781ec27\" data-id=\"6781ec27\" data-element_type=\"column\">\n\t\t\t<div class=\"elementor-widget-wrap elementor-element-populated\">\n\t\t\t\t\t\t\t\t<div class=\"elementor-element elementor-element-139de4b elementor-widget elementor-widget-heading\" data-id=\"139de4b\" data-element_type=\"widget\" data-widget_type=\"heading.default\">\n\t\t\t\t<div class=\"elementor-widget-container\">\n\t\t\t<h2 class=\"landkit-elementor-heading__title default elementor-heading-title elementor-size-default\">HiCandidate\u2122 \u2013\u00a0Automatisierung mit <span class=\"landkit-elementor-highlighted-heading__highlighted-text text-primary\">strategischem Mehrwert.<\/span><\/h2>\t\t<\/div>\n\t\t\t\t<\/div>\n\t\t\t\t<div class=\"elementor-element elementor-element-479e94ac text-muted mb-5 elementor-widget elementor-widget-text-editor\" data-id=\"479e94ac\" data-element_type=\"widget\" data-widget_type=\"text-editor.default\">\n\t\t\t\t<div class=\"elementor-widget-container\">\n\t\t\t\t\t\t\t<p>HiCandidate\u2122 verbindet Automatisierung, KI und Recruiting-Expertise. Routinearbeit wird eliminiert, Entscheidungen werden datenbasiert, und dein Recruiting wird effizienter \u2013 ohne an Steuerbarkeit zu verlieren.<\/p>\n<p><\/p>\t\t\t\t\t\t<\/div>\n\t\t\t\t<\/div>\n\t\t\t\t<div class=\"elementor-element elementor-element-4ce17df9 elementor-widget elementor-widget-button\" data-id=\"4ce17df9\" data-element_type=\"widget\" data-widget_type=\"button.button-landkit\">\n\t\t\t\t<div class=\"elementor-widget-container\">\n\t\t\t        <div class=\"elementor-button-wrapper\">\n            <a href=\"https:\/\/hicandidate.com\/de\/demo\/\" class=\"elementor-button-link btn btn-primary lift mb-6 mb-md-0\" role=\"button\">\n                        <span class=\"elementor-button-content-wrapper\">\n                        <span class=\"elementor-button-icon btn__icon btn__icon--right order-2\">\n                    <i aria-hidden=\"true\" class=\"ml-4 fe fe-arrow-up-right\"><\/i>            <\/span>\n                                    <span class=\"elementor-button-text order-1\">Demo buchen&nbsp;<\/span>\n                    <\/span>\n                    <\/a>\n        <\/div>\n        \t\t<\/div>\n\t\t\t\t<\/div>\n\t\t\t\t\t<\/div>\n\t\t<\/div>\n\t\t\t\t<div class=\"elementor-column elementor-col-50 elementor-top-column elementor-element elementor-element-61c460e2 col-12 col-md-6\" data-id=\"61c460e2\" data-element_type=\"column\">\n\t\t\t<div class=\"elementor-widget-wrap elementor-element-populated\">\n\t\t\t\t\t\t\t\t<div class=\"elementor-element elementor-element-5e0a07b2 elementor-widget elementor-widget-lk-device\" data-id=\"5e0a07b2\" data-element_type=\"widget\" data-settings=\"{&quot;enable_dividers&quot;:&quot;no&quot;}\" data-widget_type=\"lk-device.default\">\n\t\t\t\t<div class=\"elementor-widget-container\">\n\t\t\t<div class=\"w-md-130 elementor-device-simple-wrapper\">        <div class=\"elementor-device-wrapper device device-macbook\">\n            <img decoding=\"async\" class=\"device-screen\" src=\"https:\/\/hicandidate.com\/wp-content\/uploads\/hicandidate_dashboard.jpg\" alt=\"\">\n            <img decoding=\"async\" class=\"img-fluid\" alt=\"\" src=\"https:\/\/www.hicandidate.com\/wp-content\/themes\/landkit\/assets\/img\/devices\/macbook.svg\">\n        <\/div>\n        <\/div>\t\t<\/div>\n\t\t\t\t<\/div>\n\t\t\t\t\t<\/div>\n\t\t<\/div>\n\t\t\t\t\t\t\t<\/div>\n\t\t<\/section>\n\t\t\t\t<section class=\"elementor-section elementor-top-section elementor-element elementor-element-53b656f8 elementor-section-full_width elementor-section-height-default elementor-section-height-default\" data-id=\"53b656f8\" data-element_type=\"section\">\n\t\t\t\t\t\t<div class=\"elementor-container elementor-column-gap-no no-gutters\">\n\t\t\t\t\t<div class=\"elementor-column elementor-col-100 elementor-top-column elementor-element elementor-element-1240e0d0 no-min-height\" data-id=\"1240e0d0\" data-element_type=\"column\">\n\t\t\t<div class=\"elementor-widget-wrap elementor-element-populated\">\n\t\t\t\t\t\t\t\t<div class=\"elementor-element elementor-element-5bbef59b elementor-widget elementor-widget-lk-dividers\" data-id=\"5bbef59b\" data-element_type=\"widget\" data-widget_type=\"lk-dividers.default\">\n\t\t\t\t<div class=\"elementor-widget-container\">\n\t\t\t        <div class=\"elementor-dividers\">\n                        <div class=\"shape svg-shim text-gray-200 shape-bottom shape-fluid-x\">\n                <svg viewBox=\"0 0 2880 48\" fill=\"none\" xmlns=\"http:\/\/www.w3.org\/2000\/svg\"><path d=\"M0 48h2880V0h-720C1442.5 52 720 0 720 0H0v48z\" fill=\"currentColor\"\/><\/svg>            <\/div>        <\/div>\n        \t\t<\/div>\n\t\t\t\t<\/div>\n\t\t\t\t\t<\/div>\n\t\t<\/div>\n\t\t\t\t\t\t\t<\/div>\n\t\t<\/section>\n\t\t\t\t\t\t\t<\/div>\n\t\t","protected":false},"excerpt":{"rendered":"<p>Automatisierte Vorqualifizierung: Vom Klick zur qualifizierten Bewerbung in Sekunden. Mit Auto Landing Pages und intelligenten Screening Questions verwandelt HiCandidate\u2122 Social Media Klicks in qualifizierte Bewerbungen \u2013 automatisch, markenkonform und nahtlos in deinen Funnel integriert. Viele Recruiting-Funnel verlieren potenzielle Bewerbungen, weil der Prozess zu lang oder zu kompliziert ist. HiCandidate\u2122 l\u00f6st dieses Problem mit automatisierten Landing [&hellip;]<\/p>\n","protected":false},"author":1,"featured_media":0,"parent":6401,"menu_order":0,"comment_status":"closed","ping_status":"closed","template":"elementor_header_footer","meta":{"footnotes":""},"class_list":["post-6828","page","type-page","status-publish","hentry"],"_links":{"self":[{"href":"https:\/\/www.hicandidate.com\/de\/wp-json\/wp\/v2\/pages\/6828","targetHints":{"allow":["GET"]}}],"collection":[{"href":"https:\/\/www.hicandidate.com\/de\/wp-json\/wp\/v2\/pages"}],"about":[{"href":"https:\/\/www.hicandidate.com\/de\/wp-json\/wp\/v2\/types\/page"}],"author":[{"embeddable":true,"href":"https:\/\/www.hicandidate.com\/de\/wp-json\/wp\/v2\/users\/1"}],"replies":[{"embeddable":true,"href":"https:\/\/www.hicandidate.com\/de\/wp-json\/wp\/v2\/comments?post=6828"}],"version-history":[{"count":6,"href":"https:\/\/www.hicandidate.com\/de\/wp-json\/wp\/v2\/pages\/6828\/revisions"}],"predecessor-version":[{"id":7072,"href":"https:\/\/www.hicandidate.com\/de\/wp-json\/wp\/v2\/pages\/6828\/revisions\/7072"}],"up":[{"embeddable":true,"href":"https:\/\/www.hicandidate.com\/de\/wp-json\/wp\/v2\/pages\/6401"}],"wp:attachment":[{"href":"https:\/\/www.hicandidate.com\/de\/wp-json\/wp\/v2\/media?parent=6828"}],"curies":[{"name":"wp","href":"https:\/\/api.w.org\/{rel}","templated":true}]}}